{"id":8694,"date":"2023-09-27T11:42:11","date_gmt":"2023-09-27T17:42:11","guid":{"rendered":"https:\/\/honorelifestyle.com\/ma\/?post_type=product&#038;p=8694"},"modified":"2023-09-27T12:35:57","modified_gmt":"2023-09-27T18:35:57","slug":"olaplex-4c-shapoo-clarificante-1-litro","status":"publish","type":"product","link":"https:\/\/honorelifestyle.com\/ma\/producto\/olaplex-4c-shapoo-clarificante-1-litro\/","title":{"rendered":"Olaplex N\u00b0 4C &#8211; Shapoo Clarificante 1 litro."},"content":{"rendered":"<p>Shampoo clarificante que sanea el cabello y elimina las impurezas ,el exceso de productos y la contaminatizaci\u00f3n. Consigue un cabello con m\u00e1s volumen , brillo y protecci\u00f3n<\/p>\n","protected":false},"excerpt":{"rendered":"<p>Shampoo clarificante que sanea el cabello y elimina las impurezas ,el exceso de productos y la contaminatizaci\u00f3n. Consigue un cabello con m\u00e1s volumen , brillo y protecci\u00f3n<\/p>\n","protected":false},"featured_media":8695,"comment_status":"open","ping_status":"closed","template":"","meta":[],"product_cat":[227],"product_tag":[],"class_list":["post-8694","product","type-product","status-publish","has-post-thumbnail","hentry","product_cat-olaplex"],"_links":{"self":[{"href":"https:\/\/honorelifestyle.com\/ma\/wp-json\/wp\/v2\/product\/8694","targetHints":{"allow":["GET"]}}],"collection":[{"href":"https:\/\/honorelifestyle.com\/ma\/wp-json\/wp\/v2\/product"}],"about":[{"href":"https:\/\/honorelifestyle.com\/ma\/wp-json\/wp\/v2\/types\/product"}],"replies":[{"embeddable":true,"href":"https:\/\/honorelifestyle.com\/ma\/wp-json\/wp\/v2\/comments?post=8694"}],"wp:featuredmedia":[{"embeddable":true,"href":"https:\/\/honorelifestyle.com\/ma\/wp-json\/wp\/v2\/media\/8695"}],"wp:attachment":[{"href":"https:\/\/honorelifestyle.com\/ma\/wp-json\/wp\/v2\/media?parent=8694"}],"wp:term":[{"taxonomy":"product_cat","embeddable":true,"href":"https:\/\/honorelifestyle.com\/ma\/wp-json\/wp\/v2\/product_cat?post=8694"},{"taxonomy":"product_tag","embeddable":true,"href":"https:\/\/honorelifestyle.com\/ma\/wp-json\/wp\/v2\/product_tag?post=8694"}],"curies":[{"name":"wp","href":"https:\/\/api.w.org\/{rel}","templated":true}]}}