{"id":8630,"date":"2023-03-09T15:05:38","date_gmt":"2023-03-09T21:05:38","guid":{"rendered":"https:\/\/honorelifestyle.com\/ma\/?post_type=product&#038;p=8630"},"modified":"2023-03-09T15:05:48","modified_gmt":"2023-03-09T21:05:48","slug":"essential-oil-conditioner-300ml","status":"publish","type":"product","link":"https:\/\/honorelifestyle.com\/ma\/producto\/essential-oil-conditioner-300ml\/","title":{"rendered":"Essential Oil Conditioner 300ml"},"content":{"rendered":"<p>Proporciona acondicionamiento suave y nutrici\u00f3n. Desarrollado con una fusi\u00f3n de aceites naturales y una fragancia arom\u00e1tica de larga duraci\u00f3n sobre el cabello.<\/p>\n","protected":false},"excerpt":{"rendered":"<p>Proporciona acondicionamiento suave y nutrici\u00f3n. Desarrollado con una fusi\u00f3n de aceites naturales y una fragancia arom\u00e1tica de larga duraci\u00f3n sobre el cabello.<\/p>\n","protected":false},"featured_media":8631,"comment_status":"open","ping_status":"closed","template":"","meta":[],"product_cat":[225],"product_tag":[],"class_list":["post-8630","product","type-product","status-publish","has-post-thumbnail","hentry","product_cat-tec-italy"],"_links":{"self":[{"href":"https:\/\/honorelifestyle.com\/ma\/wp-json\/wp\/v2\/product\/8630","targetHints":{"allow":["GET"]}}],"collection":[{"href":"https:\/\/honorelifestyle.com\/ma\/wp-json\/wp\/v2\/product"}],"about":[{"href":"https:\/\/honorelifestyle.com\/ma\/wp-json\/wp\/v2\/types\/product"}],"replies":[{"embeddable":true,"href":"https:\/\/honorelifestyle.com\/ma\/wp-json\/wp\/v2\/comments?post=8630"}],"wp:featuredmedia":[{"embeddable":true,"href":"https:\/\/honorelifestyle.com\/ma\/wp-json\/wp\/v2\/media\/8631"}],"wp:attachment":[{"href":"https:\/\/honorelifestyle.com\/ma\/wp-json\/wp\/v2\/media?parent=8630"}],"wp:term":[{"taxonomy":"product_cat","embeddable":true,"href":"https:\/\/honorelifestyle.com\/ma\/wp-json\/wp\/v2\/product_cat?post=8630"},{"taxonomy":"product_tag","embeddable":true,"href":"https:\/\/honorelifestyle.com\/ma\/wp-json\/wp\/v2\/product_tag?post=8630"}],"curies":[{"name":"wp","href":"https:\/\/api.w.org\/{rel}","templated":true}]}}