{"id":7225,"date":"2021-09-03T14:19:16","date_gmt":"2021-09-03T20:19:16","guid":{"rendered":"https:\/\/honorelifestyle.com\/fyc\/producto\/gender-reveal-confetti-balloon-pink\/"},"modified":"2021-09-03T14:19:16","modified_gmt":"2021-09-03T20:19:16","slug":"gender-reveal-confetti-balloon-pink","status":"publish","type":"product","link":"https:\/\/honorelifestyle.com\/fyc\/producto\/gender-reveal-confetti-balloon-pink\/","title":{"rendered":"Gender Reveal Confetti Balloon (PINK)"},"content":{"rendered":"<p>\u00a1Este globo seguramente har\u00e1 una declaraci\u00f3n en su fiesta de revelaci\u00f3n de g\u00e9nero cuando haga la gran revelaci\u00f3n! Este gigantesco globo negro de 36 es opaco y ocultar\u00e1 el color del confeti hasta que lo revientes. El confeti vuela en todas direcciones y cae lentamente (revolotea como nieve), por lo que es perfecto para capturar bellamente la revelaci\u00f3n en fotograf\u00edas.<\/p>\n","protected":false},"excerpt":{"rendered":"<p>\u00a1Este globo seguramente har\u00e1 una declaraci\u00f3n en su fiesta de revelaci\u00f3n de g\u00e9nero cuando haga la gran revelaci\u00f3n! Este gigantesco globo negro de 36 es opaco y ocultar\u00e1 el color del confeti hasta que lo revientes. El confeti vuela en todas direcciones y cae lentamente (revolotea como nieve), por lo que es perfecto para capturar bellamente la revelaci\u00f3n en fotograf\u00edas.<\/p>\n","protected":false},"featured_media":7224,"comment_status":"open","ping_status":"closed","template":"","meta":[],"product_cat":[196],"product_tag":[],"class_list":{"0":"post-7225","1":"product","2":"type-product","3":"status-publish","4":"has-post-thumbnail","6":"product_cat-globos-con-conffeti","8":"first","9":"instock","10":"shipping-taxable","11":"purchasable","12":"product-type-simple"},"_links":{"self":[{"href":"https:\/\/honorelifestyle.com\/fyc\/wp-json\/wp\/v2\/product\/7225","targetHints":{"allow":["GET"]}}],"collection":[{"href":"https:\/\/honorelifestyle.com\/fyc\/wp-json\/wp\/v2\/product"}],"about":[{"href":"https:\/\/honorelifestyle.com\/fyc\/wp-json\/wp\/v2\/types\/product"}],"replies":[{"embeddable":true,"href":"https:\/\/honorelifestyle.com\/fyc\/wp-json\/wp\/v2\/comments?post=7225"}],"wp:featuredmedia":[{"embeddable":true,"href":"https:\/\/honorelifestyle.com\/fyc\/wp-json\/wp\/v2\/media\/7224"}],"wp:attachment":[{"href":"https:\/\/honorelifestyle.com\/fyc\/wp-json\/wp\/v2\/media?parent=7225"}],"wp:term":[{"taxonomy":"product_cat","embeddable":true,"href":"https:\/\/honorelifestyle.com\/fyc\/wp-json\/wp\/v2\/product_cat?post=7225"},{"taxonomy":"product_tag","embeddable":true,"href":"https:\/\/honorelifestyle.com\/fyc\/wp-json\/wp\/v2\/product_tag?post=7225"}],"curies":[{"name":"wp","href":"https:\/\/api.w.org\/{rel}","templated":true}]}}