{"id":7144,"date":"2021-09-03T14:18:40","date_gmt":"2021-09-03T20:18:40","guid":{"rendered":"https:\/\/honorelifestyle.com\/fyc\/producto\/companero-fiel\/"},"modified":"2022-08-25T13:07:36","modified_gmt":"2022-08-25T19:07:36","slug":"companero-fiel","status":"publish","type":"product","link":"https:\/\/honorelifestyle.com\/fyc\/producto\/companero-fiel\/","title":{"rendered":"COMPA\u00d1ERO FIEL (Base y Adorno, puede variar, seg\u00fan existencia)"},"content":{"rendered":"<p>Nacimiento de ni\u00f1a<\/p>\n","protected":false},"excerpt":{"rendered":"<p>Nacimiento de ni\u00f1a<\/p>\n","protected":false},"featured_media":6792,"comment_status":"open","ping_status":"closed","template":"","meta":[],"product_cat":[201],"product_tag":[],"class_list":{"0":"post-7144","1":"product","2":"type-product","3":"status-publish","4":"has-post-thumbnail","6":"product_cat-toda-ocasion-floristeria","8":"first","9":"instock","10":"shipping-taxable","11":"purchasable","12":"product-type-simple"},"_links":{"self":[{"href":"https:\/\/honorelifestyle.com\/fyc\/wp-json\/wp\/v2\/product\/7144","targetHints":{"allow":["GET"]}}],"collection":[{"href":"https:\/\/honorelifestyle.com\/fyc\/wp-json\/wp\/v2\/product"}],"about":[{"href":"https:\/\/honorelifestyle.com\/fyc\/wp-json\/wp\/v2\/types\/product"}],"replies":[{"embeddable":true,"href":"https:\/\/honorelifestyle.com\/fyc\/wp-json\/wp\/v2\/comments?post=7144"}],"wp:featuredmedia":[{"embeddable":true,"href":"https:\/\/honorelifestyle.com\/fyc\/wp-json\/wp\/v2\/media\/6792"}],"wp:attachment":[{"href":"https:\/\/honorelifestyle.com\/fyc\/wp-json\/wp\/v2\/media?parent=7144"}],"wp:term":[{"taxonomy":"product_cat","embeddable":true,"href":"https:\/\/honorelifestyle.com\/fyc\/wp-json\/wp\/v2\/product_cat?post=7144"},{"taxonomy":"product_tag","embeddable":true,"href":"https:\/\/honorelifestyle.com\/fyc\/wp-json\/wp\/v2\/product_tag?post=7144"}],"curies":[{"name":"wp","href":"https:\/\/api.w.org\/{rel}","templated":true}]}}